{"id":2778,"date":"2020-12-10T18:09:37","date_gmt":"2020-12-10T17:09:37","guid":{"rendered":"https:\/\/mount-everest-tea.com\/?page_id=2778"},"modified":"2026-04-07T12:03:39","modified_gmt":"2026-04-07T10:03:39","slug":"karriere","status":"publish","type":"page","link":"https:\/\/mount-everest-tea.com\/en\/karriere\/","title":{"rendered":"Karriere"},"content":{"rendered":"[mk_page_section bg_image=&#8221;https:\/\/mount-everest-tea.com\/wp-content\/uploads\/2019\/01\/tee-hersteller-mount-everest-tea-von-oben.jpg&#8221; bg_position=&#8221;center bottom&#8221; bg_stretch=&#8221;true&#8221; enable_3d=&#8221;true&#8221; bg_gradient=&#8221;left_bottom&#8221; full_width=&#8221;true&#8221; full_height=&#8221;true&#8221; skip_arrow=&#8221;true&#8221; sidebar=&#8221;sidebar-1&#8243;][vc_column][mk_fancy_title strip_tags=&#8221;true&#8221; tag_name=&#8221;h1&#8243; color=&#8221;#ffffff&#8221; size=&#8221;70&#8243; force_font_size=&#8221;true&#8221; size_smallscreen=&#8221;70&#8243; size_tablet=&#8221;60&#8243; size_phone=&#8221;50&#8243; line_height=&#8221;120&#8243; font_weight=&#8221;400&#8243; letter_spacing=&#8221;2&#8243; margin_bottom=&#8221;0&#8243; font_family=&#8221;Patua+One&#8221; font_type=&#8221;google&#8221; align=&#8221;center&#8221; drop_shadow=&#8221;true&#8221; shadow_distance=&#8221;4&#8243;]Ihre Karriere bei der Mount Everest Tea Company[\/mk_fancy_title][mk_fancy_title strip_tags=&#8221;true&#8221; tag_name=&#8221;span&#8221; color=&#8221;#ffffff&#8221; size=&#8221;36&#8243; force_font_size=&#8221;true&#8221; size_smallscreen=&#8221;36&#8243; size_tablet=&#8221;32&#8243; size_phone=&#8221;32&#8243; line_height=&#8221;120&#8243; font_weight=&#8221;900&#8243; margin_bottom=&#8221;40&#8243; font_family=&#8221;Roboto&#8221; font_type=&#8221;google&#8221; align=&#8221;center&#8221; drop_shadow=&#8221;true&#8221; shadow_distance=&#8221;4&#8243;]Starten Sie beruflich durch bei der Nr. 1![\/mk_fancy_title][\/vc_column][\/mk_page_section][mk_page_section bg_color=&#8221;#ffffff&#8221; bg_position=&#8221;right top&#8221; bg_stretch=&#8221;true&#8221; min_height=&#8221;0&#8243; js_vertical_centered=&#8221;true&#8221; padding_top=&#8221;100&#8243; padding_bottom=&#8221;40&#8243; top_shape_bg_color=&#8221;#ffffff&#8221; sidebar=&#8221;sidebar-1&#8243;][vc_column width=&#8221;1\/6&#8243;][\/vc_column][vc_column width=&#8221;2\/3&#8243;][vc_column_text css=&#8221;.vc_custom_1759143631378{margin-bottom: 0px !important;}&#8221;]\n<p class=\"p1\"><b>231 Jahre pure Leidenschaft f\u00fcr Tee<\/b><\/p>\n<p>Das moderne Familienunternehmen Mount Everest Tea Company GmbH ist als Teil eines der \u00e4ltesten europ\u00e4ischen Tee-Importh\u00e4user (Kirchner, Fischer &amp; Co GmbH, gegr\u00fcndet 1793) seit 98 Jahren der Spezialist f\u00fcr den weltweiten Teefachhandel und Teefachgro\u00dfhandel.<\/p>\n<p>Unsere leidenschaftliche Tradition basiert auf der Versorgung unserer Kunden mit Tees bester Qualit\u00e4t aus allen weltweit wichtigen Ursprungsl\u00e4ndern, sowie einem umfassenden Zubeh\u00f6rprogramm.<\/p>\n<p class=\"p1\">Die Fokussierung auf unsere Kunden, die herausragende Produktqualit\u00e4t und ein motiviertes Team, sind die Erfolgsfaktoren unseres Gesch\u00e4ftes. Am Standort Elmshorn bei Hamburg,<br \/>\nproduzieren wir mit unseren 90 Mitarbeitern, in nunmehr 231-j\u00e4hriger Familientradition, Spitzentees.<\/p>\n<p style=\"font-weight: 400;\">Wenn Sie mehr \u00fcber die Karrierem\u00f6glichkeiten bei uns wissen m\u00f6chten, schauen Sie sich gerne die folgenden Stellenanzeigen an. Es ist nicht der passende Job f\u00fcr Sie dabei? Dann k\u00f6nnen Sie uns gerne ihre Initiativbewerbung zukommen lassen:<\/p>\n<p>Mount Everest Tea Company GmbH<br \/>\nFrau Cornelia T\u00f6dt<br \/>\nDaimlerstra\u00dfe 13<br \/>\n25337 Elmshorn<br \/>\n<a href=\"mailto:s.gieschke@mount-everest-tea.de\">bewerbung@mount-everest-tea.de<\/a><br \/>\n<a href=\"http:\/\/www.mount-everest-tea.de\/\">www.mount-everest-tea.com<\/a><\/p>\n<p>Wir freuen uns darauf Sie kennenzulernen![\/vc_column_text][vc_column_text css=&#8221;.vc_custom_1729148375081{margin-bottom: 0px !important;}&#8221;][\/vc_column_text][mk_padding_divider][mk_fancy_title strip_tags=&#8221;true&#8221; color=&#8221;#0c3d13&#8243; size=&#8221;36&#8243; force_font_size=&#8221;true&#8221; size_smallscreen=&#8221;36&#8243; size_tablet=&#8221;32&#8243; size_phone=&#8221;32&#8243; font_weight=&#8221;400&#8243; margin_top=&#8221;40&#8243; margin_bottom=&#8221;0&#8243; font_family=&#8221;Patua+One&#8221; font_type=&#8221;google&#8221;]\n<p class=\"p1\"><b>Lager-\/Produktionshelfer und Kommissionierer (m\/w\/d)<\/b><\/p>\n[\/mk_fancy_title][mk_button dimension=&#8221;flat&#8221; corner_style=&#8221;rounded&#8221; size=&#8221;large&#8221; icon=&#8221;mk-icon-arrow-right&#8221; icon_anim=&#8221;side&#8221; url=&#8221;https:\/\/mount-everest-tea.com\/wp-content\/uploads\/2026\/02\/mitarbeiter-lager.pdf&#8221; target=&#8221;_blank&#8221; margin_bottom=&#8221;0&#8243; margin_right=&#8221;0&#8243; bg_color=&#8221;#f0d10f&#8221; btn_hover_bg=&#8221;#e5ca44&#8243; text_color=&#8221;dark&#8221; btn_hover_txt_color=&#8221;#313131&#8243;]PDF[\/mk_button][\/vc_column][vc_column width=&#8221;1\/6&#8243;][\/vc_column][\/mk_page_section][vc_column width=&#8221;1\/2&#8243;][\/vc_column]\n","protected":false},"excerpt":{"rendered":"<p>[mk_page_section bg_image=&#8221;https:\/\/mount-everest-tea.com\/wp-content\/uploads\/2019\/01\/tee-hersteller-mount-everest-tea-von-oben.jpg&#8221; bg_position=&#8221;center bottom&#8221; bg_stretch=&#8221;true&#8221; enable_3d=&#8221;true&#8221; bg_gradient=&#8221;left_bottom&#8221; full_width=&#8221;true&#8221; full_height=&#8221;true&#8221; skip_arrow=&#8221;true&#8221; sidebar=&#8221;sidebar-1&#8243;][vc_column][mk_fancy_title strip_tags=&#8221;true&#8221; tag_name=&#8221;h1&#8243; color=&#8221;#ffffff&#8221; size=&#8221;70&#8243; force_font_size=&#8221;true&#8221; size_smallscreen=&#8221;70&#8243; size_tablet=&#8221;60&#8243; size_phone=&#8221;50&#8243; line_height=&#8221;120&#8243; font_weight=&#8221;400&#8243; letter_spacing=&#8221;2&#8243; margin_bottom=&#8221;0&#8243; font_family=&#8221;Patua+One&#8221; font_type=&#8221;google&#8221; align=&#8221;center&#8221; drop_shadow=&#8221;true&#8221; shadow_distance=&#8221;4&#8243;]Ihre Karriere bei der Mount Everest Tea Company[\/mk_fancy_title][mk_fancy_title strip_tags=&#8221;true&#8221; tag_name=&#8221;span&#8221; color=&#8221;#ffffff&#8221; size=&#8221;36&#8243; force_font_size=&#8221;true&#8221; size_smallscreen=&#8221;36&#8243; size_tablet=&#8221;32&#8243; size_phone=&#8221;32&#8243; line_height=&#8221;120&#8243; font_weight=&#8221;900&#8243; margin_bottom=&#8221;40&#8243; font_family=&#8221;Roboto&#8221; font_type=&#8221;google&#8221; align=&#8221;center&#8221; drop_shadow=&#8221;true&#8221; shadow_distance=&#8221;4&#8243;]Starten Sie beruflich durch bei [&hellip;]<\/p>\n","protected":false},"author":5,"featured_media":0,"parent":0,"menu_order":1,"comment_status":"closed","ping_status":"closed","template":"","meta":{"_acf_changed":false,"footnotes":""},"class_list":["post-2778","page","type-page","status-publish","hentry"],"acf":[],"yoast_head":"<!-- This site is optimized with the Yoast SEO plugin v27.5 - https:\/\/yoast.com\/product\/yoast-seo-wordpress\/ -->\n<title>Karriere | Tee-Gro\u00dfhandel Mount Everest Tea<\/title>\n<meta name=\"robots\" content=\"index, follow, max-snippet:-1, max-image-preview:large, max-video-preview:-1\" \/>\n<link rel=\"canonical\" href=\"https:\/\/mount-everest-tea.com\/en\/karriere\/\" \/>\n<meta property=\"og:locale\" content=\"en_US\" \/>\n<meta property=\"og:type\" content=\"article\" \/>\n<meta property=\"og:title\" content=\"Karriere | Tee-Gro\u00dfhandel Mount Everest Tea\" \/>\n<meta property=\"og:description\" content=\"[mk_page_section bg_image=&#8221;https:\/\/mount-everest-tea.com\/wp-content\/uploads\/2019\/01\/tee-hersteller-mount-everest-tea-von-oben.jpg&#8221; bg_position=&#8221;center bottom&#8221; bg_stretch=&#8221;true&#8221; enable_3d=&#8221;true&#8221; bg_gradient=&#8221;left_bottom&#8221; full_width=&#8221;true&#8221; full_height=&#8221;true&#8221; skip_arrow=&#8221;true&#8221; sidebar=&#8221;sidebar-1&#8243;][vc_column][mk_fancy_title strip_tags=&#8221;true&#8221; tag_name=&#8221;h1&#8243; color=&#8221;#ffffff&#8221; size=&#8221;70&#8243; force_font_size=&#8221;true&#8221; size_smallscreen=&#8221;70&#8243; size_tablet=&#8221;60&#8243; size_phone=&#8221;50&#8243; line_height=&#8221;120&#8243; font_weight=&#8221;400&#8243; letter_spacing=&#8221;2&#8243; margin_bottom=&#8221;0&#8243; font_family=&#8221;Patua+One&#8221; font_type=&#8221;google&#8221; align=&#8221;center&#8221; drop_shadow=&#8221;true&#8221; shadow_distance=&#8221;4&#8243;]Ihre Karriere bei der Mount Everest Tea Company[\/mk_fancy_title][mk_fancy_title strip_tags=&#8221;true&#8221; tag_name=&#8221;span&#8221; color=&#8221;#ffffff&#8221; size=&#8221;36&#8243; force_font_size=&#8221;true&#8221; size_smallscreen=&#8221;36&#8243; size_tablet=&#8221;32&#8243; size_phone=&#8221;32&#8243; line_height=&#8221;120&#8243; font_weight=&#8221;900&#8243; margin_bottom=&#8221;40&#8243; font_family=&#8221;Roboto&#8221; font_type=&#8221;google&#8221; align=&#8221;center&#8221; drop_shadow=&#8221;true&#8221; shadow_distance=&#8221;4&#8243;]Starten Sie beruflich durch bei [&hellip;]\" \/>\n<meta property=\"og:url\" content=\"https:\/\/mount-everest-tea.com\/en\/karriere\/\" \/>\n<meta property=\"og:site_name\" content=\"Tee-Gro\u00dfhandel Mount Everest Tea\" \/>\n<meta property=\"article:modified_time\" content=\"2026-04-07T10:03:39+00:00\" \/>\n<meta name=\"twitter:card\" content=\"summary_large_image\" \/>\n<meta name=\"twitter:label1\" content=\"Est. reading time\" \/>\n\t<meta name=\"twitter:data1\" content=\"2 minutes\" \/>\n<script type=\"application\/ld+json\" class=\"yoast-schema-graph\">{\"@context\":\"https:\\\/\\\/schema.org\",\"@graph\":[{\"@type\":\"WebPage\",\"@id\":\"https:\\\/\\\/mount-everest-tea.com\\\/en\\\/karriere\\\/\",\"url\":\"https:\\\/\\\/mount-everest-tea.com\\\/en\\\/karriere\\\/\",\"name\":\"Karriere | Tee-Gro\u00dfhandel Mount Everest Tea\",\"isPartOf\":{\"@id\":\"https:\\\/\\\/mount-everest-tea.com\\\/en\\\/#website\"},\"datePublished\":\"2020-12-10T17:09:37+00:00\",\"dateModified\":\"2026-04-07T10:03:39+00:00\",\"breadcrumb\":{\"@id\":\"https:\\\/\\\/mount-everest-tea.com\\\/en\\\/karriere\\\/#breadcrumb\"},\"inLanguage\":\"en-US\",\"potentialAction\":[{\"@type\":\"ReadAction\",\"target\":[\"https:\\\/\\\/mount-everest-tea.com\\\/en\\\/karriere\\\/\"]}]},{\"@type\":\"BreadcrumbList\",\"@id\":\"https:\\\/\\\/mount-everest-tea.com\\\/en\\\/karriere\\\/#breadcrumb\",\"itemListElement\":[{\"@type\":\"ListItem\",\"position\":1,\"name\":\"Startseite\",\"item\":\"https:\\\/\\\/mount-everest-tea.com\\\/en\\\/\"},{\"@type\":\"ListItem\",\"position\":2,\"name\":\"Karriere\"}]},{\"@type\":\"WebSite\",\"@id\":\"https:\\\/\\\/mount-everest-tea.com\\\/en\\\/#website\",\"url\":\"https:\\\/\\\/mount-everest-tea.com\\\/en\\\/\",\"name\":\"Tee-Gro\u00dfhandel Mount Everest Tea\",\"description\":\"Aus Elmshorn in die ganze Welt\",\"publisher\":{\"@id\":\"https:\\\/\\\/mount-everest-tea.com\\\/en\\\/#organization\"},\"potentialAction\":[{\"@type\":\"SearchAction\",\"target\":{\"@type\":\"EntryPoint\",\"urlTemplate\":\"https:\\\/\\\/mount-everest-tea.com\\\/en\\\/?s={search_term_string}\"},\"query-input\":{\"@type\":\"PropertyValueSpecification\",\"valueRequired\":true,\"valueName\":\"search_term_string\"}}],\"inLanguage\":\"en-US\"},{\"@type\":\"Organization\",\"@id\":\"https:\\\/\\\/mount-everest-tea.com\\\/en\\\/#organization\",\"name\":\"Mount Everest Tea Company\",\"url\":\"https:\\\/\\\/mount-everest-tea.com\\\/en\\\/\",\"logo\":{\"@type\":\"ImageObject\",\"inLanguage\":\"en-US\",\"@id\":\"https:\\\/\\\/mount-everest-tea.com\\\/en\\\/#\\\/schema\\\/logo\\\/image\\\/\",\"url\":\"https:\\\/\\\/mount-everest-tea.com\\\/wp-content\\\/uploads\\\/2019\\\/01\\\/logo-mount-everest-tea-company-gmbh.png\",\"contentUrl\":\"https:\\\/\\\/mount-everest-tea.com\\\/wp-content\\\/uploads\\\/2019\\\/01\\\/logo-mount-everest-tea-company-gmbh.png\",\"width\":354,\"height\":256,\"caption\":\"Mount Everest Tea Company\"},\"image\":{\"@id\":\"https:\\\/\\\/mount-everest-tea.com\\\/en\\\/#\\\/schema\\\/logo\\\/image\\\/\"}}]}<\/script>\n<!-- \/ Yoast SEO plugin. -->","yoast_head_json":{"title":"Karriere | Tee-Gro\u00dfhandel Mount Everest Tea","robots":{"index":"index","follow":"follow","max-snippet":"max-snippet:-1","max-image-preview":"max-image-preview:large","max-video-preview":"max-video-preview:-1"},"canonical":"https:\/\/mount-everest-tea.com\/en\/karriere\/","og_locale":"en_US","og_type":"article","og_title":"Karriere | Tee-Gro\u00dfhandel Mount Everest Tea","og_description":"[mk_page_section bg_image=&#8221;https:\/\/mount-everest-tea.com\/wp-content\/uploads\/2019\/01\/tee-hersteller-mount-everest-tea-von-oben.jpg&#8221; bg_position=&#8221;center bottom&#8221; bg_stretch=&#8221;true&#8221; enable_3d=&#8221;true&#8221; bg_gradient=&#8221;left_bottom&#8221; full_width=&#8221;true&#8221; full_height=&#8221;true&#8221; skip_arrow=&#8221;true&#8221; sidebar=&#8221;sidebar-1&#8243;][vc_column][mk_fancy_title strip_tags=&#8221;true&#8221; tag_name=&#8221;h1&#8243; color=&#8221;#ffffff&#8221; size=&#8221;70&#8243; force_font_size=&#8221;true&#8221; size_smallscreen=&#8221;70&#8243; size_tablet=&#8221;60&#8243; size_phone=&#8221;50&#8243; line_height=&#8221;120&#8243; font_weight=&#8221;400&#8243; letter_spacing=&#8221;2&#8243; margin_bottom=&#8221;0&#8243; font_family=&#8221;Patua+One&#8221; font_type=&#8221;google&#8221; align=&#8221;center&#8221; drop_shadow=&#8221;true&#8221; shadow_distance=&#8221;4&#8243;]Ihre Karriere bei der Mount Everest Tea Company[\/mk_fancy_title][mk_fancy_title strip_tags=&#8221;true&#8221; tag_name=&#8221;span&#8221; color=&#8221;#ffffff&#8221; size=&#8221;36&#8243; force_font_size=&#8221;true&#8221; size_smallscreen=&#8221;36&#8243; size_tablet=&#8221;32&#8243; size_phone=&#8221;32&#8243; line_height=&#8221;120&#8243; font_weight=&#8221;900&#8243; margin_bottom=&#8221;40&#8243; font_family=&#8221;Roboto&#8221; font_type=&#8221;google&#8221; align=&#8221;center&#8221; drop_shadow=&#8221;true&#8221; shadow_distance=&#8221;4&#8243;]Starten Sie beruflich durch bei [&hellip;]","og_url":"https:\/\/mount-everest-tea.com\/en\/karriere\/","og_site_name":"Tee-Gro\u00dfhandel Mount Everest Tea","article_modified_time":"2026-04-07T10:03:39+00:00","twitter_card":"summary_large_image","twitter_misc":{"Est. reading time":"2 minutes"},"schema":{"@context":"https:\/\/schema.org","@graph":[{"@type":"WebPage","@id":"https:\/\/mount-everest-tea.com\/en\/karriere\/","url":"https:\/\/mount-everest-tea.com\/en\/karriere\/","name":"Karriere | Tee-Gro\u00dfhandel Mount Everest Tea","isPartOf":{"@id":"https:\/\/mount-everest-tea.com\/en\/#website"},"datePublished":"2020-12-10T17:09:37+00:00","dateModified":"2026-04-07T10:03:39+00:00","breadcrumb":{"@id":"https:\/\/mount-everest-tea.com\/en\/karriere\/#breadcrumb"},"inLanguage":"en-US","potentialAction":[{"@type":"ReadAction","target":["https:\/\/mount-everest-tea.com\/en\/karriere\/"]}]},{"@type":"BreadcrumbList","@id":"https:\/\/mount-everest-tea.com\/en\/karriere\/#breadcrumb","itemListElement":[{"@type":"ListItem","position":1,"name":"Startseite","item":"https:\/\/mount-everest-tea.com\/en\/"},{"@type":"ListItem","position":2,"name":"Karriere"}]},{"@type":"WebSite","@id":"https:\/\/mount-everest-tea.com\/en\/#website","url":"https:\/\/mount-everest-tea.com\/en\/","name":"Tee-Gro\u00dfhandel Mount Everest Tea","description":"Aus Elmshorn in die ganze Welt","publisher":{"@id":"https:\/\/mount-everest-tea.com\/en\/#organization"},"potentialAction":[{"@type":"SearchAction","target":{"@type":"EntryPoint","urlTemplate":"https:\/\/mount-everest-tea.com\/en\/?s={search_term_string}"},"query-input":{"@type":"PropertyValueSpecification","valueRequired":true,"valueName":"search_term_string"}}],"inLanguage":"en-US"},{"@type":"Organization","@id":"https:\/\/mount-everest-tea.com\/en\/#organization","name":"Mount Everest Tea Company","url":"https:\/\/mount-everest-tea.com\/en\/","logo":{"@type":"ImageObject","inLanguage":"en-US","@id":"https:\/\/mount-everest-tea.com\/en\/#\/schema\/logo\/image\/","url":"https:\/\/mount-everest-tea.com\/wp-content\/uploads\/2019\/01\/logo-mount-everest-tea-company-gmbh.png","contentUrl":"https:\/\/mount-everest-tea.com\/wp-content\/uploads\/2019\/01\/logo-mount-everest-tea-company-gmbh.png","width":354,"height":256,"caption":"Mount Everest Tea Company"},"image":{"@id":"https:\/\/mount-everest-tea.com\/en\/#\/schema\/logo\/image\/"}}]}},"_links":{"self":[{"href":"https:\/\/mount-everest-tea.com\/en\/wp-json\/wp\/v2\/pages\/2778","targetHints":{"allow":["GET"]}}],"collection":[{"href":"https:\/\/mount-everest-tea.com\/en\/wp-json\/wp\/v2\/pages"}],"about":[{"href":"https:\/\/mount-everest-tea.com\/en\/wp-json\/wp\/v2\/types\/page"}],"author":[{"embeddable":true,"href":"https:\/\/mount-everest-tea.com\/en\/wp-json\/wp\/v2\/users\/5"}],"replies":[{"embeddable":true,"href":"https:\/\/mount-everest-tea.com\/en\/wp-json\/wp\/v2\/comments?post=2778"}],"version-history":[{"count":137,"href":"https:\/\/mount-everest-tea.com\/en\/wp-json\/wp\/v2\/pages\/2778\/revisions"}],"predecessor-version":[{"id":5381,"href":"https:\/\/mount-everest-tea.com\/en\/wp-json\/wp\/v2\/pages\/2778\/revisions\/5381"}],"wp:attachment":[{"href":"https:\/\/mount-everest-tea.com\/en\/wp-json\/wp\/v2\/media?parent=2778"}],"curies":[{"name":"wp","href":"https:\/\/api.w.org\/{rel}","templated":true}]}}