{"id":2587,"date":"2020-08-14T12:47:00","date_gmt":"2020-08-14T10:47:00","guid":{"rendered":"https:\/\/mount-everest-tea.com\/noticias\/"},"modified":"2026-03-31T15:58:02","modified_gmt":"2026-03-31T13:58:02","slug":"noticias","status":"publish","type":"page","link":"https:\/\/mount-everest-tea.com\/es\/noticias\/","title":{"rendered":"Noticias"},"content":{"rendered":"<div class=\"wpb-content-wrapper\">[mk_page_section bg_image=\u00bbhttps:\/\/mount-everest-tea.com\/wp-content\/uploads\/2020\/07\/news.jpg\u00bb bg_position=\u00bbcenter center\u00bb bg_stretch=\u00bbtrue\u00bb enable_3d=\u00bbtrue\u00bb bg_gradient=\u00bbvertical\u00bb video_color_mask=\u00bb#000000&#8243; gr_end=\u00bbrgba(0,0,0,0)\u00bb video_opacity=\u00bb0.4&#8243; full_width=\u00bbtrue\u00bb full_height=\u00bbtrue\u00bb skip_arrow=\u00bbtrue\u00bb sidebar=\u00bbsidebar-1&#8243;][vc_column][mk_fancy_title strip_tags=\u00bbtrue\u00bb tag_name=\u00bbh1&#8243; color=\u00bb#ffffff\u00bb size=\u00bb70&#8243; line_height=\u00bb120&#8243; font_weight=\u00bb400&#8243; letter_spacing=\u00bb2&#8243; font_family=\u00bbPatua+One\u00bb font_type=\u00bbgoogle\u00bb align=\u00bbcenter\u00bb]Noticias[\/mk_fancy_title][mk_fancy_title strip_tags=\u00bbtrue\u00bb tag_name=\u00bbspan\u00bb color=\u00bb#ffffff\u00bb size=\u00bb36&#8243; line_height=\u00bb120&#8243; font_weight=\u00bb900&#8243; font_family=\u00bbRoboto\u00bb font_type=\u00bbgoogle\u00bb align=\u00bbcenter\u00bb]Las \u00faltimas noticias de nuestra empresa[\/mk_fancy_title][\/vc_column][\/mk_page_section][mk_page_section bg_color=\u00bb#ffffff\u00bb bg_stretch=\u00bbtrue\u00bb padding_top=\u00bb100&#8243; padding_bottom=\u00bb120&#8243; sidebar=\u00bbsidebar-1&#8243;][vc_column width=\u00bb1\/2&#8243;][mk_image src=\u00bbhttps:\/\/mount-everest-tea.com\/wp-content\/uploads\/2025\/11\/news-drinks.png\u00bb image_size=\u00bblarge\u00bb align=\u00bbcenter\u00bb margin_bottom=\u00bb-50&#8243;][\/vc_column][vc_column width=\u00bb1\/2&#8243;][mk_fancy_title strip_tags=\u00bbtrue\u00bb color=\u00bb#0c3d13&#8243; size=\u00bb36&#8243; font_weight=\u00bb400&#8243; font_family=\u00bbPatua+One\u00bb font_type=\u00bbgoogle\u00bb]\u00a1La energ\u00eda se une al sabor![\/mk_fancy_title][mk_fancy_title tag_name=\u00bbspan\u00bb color=\u00bb#313131&#8243; size=\u00bb16&#8243; line_height=\u00bb170&#8243; font_weight=\u00bb300&#8243; font_family=\u00bbOpen+Sans\u00bb font_type=\u00bbgoogle\u00bb]\u00a1Dos nuevas variedades, el doble de deliciosas!<br \/>\n\u00a1Prote\u00edna de matcha en polvo con sabor a tarta de queso y fresa<br \/>\ny prote\u00edna de matcha en polvo con sabor a galleta de ar\u00e1ndanos![\/mk_fancy_title][\/vc_column][\/mk_page_section][mk_page_section bg_color=\u00bb#f4f4f4&#8243; min_height=\u00bb0&#8243; padding_top=\u00bb100&#8243; padding_bottom=\u00bb40&#8243; top_shape_bg_color=\u00bb#ffffff\u00bb sidebar=\u00bbsidebar-1&#8243;][vc_column width=\u00bb1\/2&#8243;][mk_image src=\u00bbhttps:\/\/mount-everest-tea.com\/wp-content\/uploads\/2026\/02\/met-1kat26_u1-scaled.png\u00bb image_width=\u00bb400&#8243; image_height=\u00bb550&#8243; margin_bottom=\u00bb80&#8243; drop_shadow=\u00bbtrue\u00bb drop_shadow_distance=\u00bb18&#8243; drop_shadow_blur=\u00bb25&#8243; drop_shadow_color=\u00bbrgba(0,0,0,0.25)\u00bb][\/vc_column][vc_column width=\u00bb1\/2&#8243;][mk_fancy_title strip_tags=\u00bbtrue\u00bb tag_name=\u00bbh3&#8243; color=\u00bb#0c3d13&#8243; size=\u00bb36&#8243; font_weight=\u00bb400&#8243; font_family=\u00bbPatua+One\u00bb font_type=\u00bbgoogle\u00bb]El nuevo cat\u00e1logo de verano[\/mk_fancy_title][mk_fancy_title tag_name=\u00bbspan\u00bb color=\u00bb#313131&#8243; size=\u00bb16&#8243; line_height=\u00bb170&#8243; font_weight=\u00bb300&#8243; margin_bottom=\u00bb0&#8243; font_family=\u00bbOpen+Sans\u00bb font_type=\u00bbgoogle\u00bb]Disfruta de coloridos t\u00e9s de verano en azul, verde, naranja y rojo, as\u00ed como de nuevos y modernos cuencos de matcha de Hamburg. El verano ser\u00e1 colorido\u2026 \u00a1y realmente delicioso![\/mk_fancy_title][mk_button dimension=\u00bbflat\u00bb corner_style=\u00bbrounded\u00bb size=\u00bblarge\u00bb icon=\u00bbmk-icon-arrow-right\u00bb icon_anim=\u00bbside\u00bb url=\u00bbhttps:\/\/mount-everest-tea.com\/sortiment\/#kataloganfordern\u00bb target=\u00bb_blank\u00bb margin_bottom=\u00bb0&#8243; margin_right=\u00bb0&#8243; bg_color=\u00bb#f0d10f\u00bb btn_hover_bg=\u00bb#e5ca44&#8243; text_color=\u00bbdark\u00bb btn_hover_txt_color=\u00bb#313131&#8243;]solicitar cat\u00e1logo[\/mk_button][mk_padding_divider size=\u00bb10&#8243;][mk_fancy_title tag_name=\u00bbspan\u00bb size=\u00bb13&#8243; line_height=\u00bb170&#8243; font_weight=\u00bb300&#8243; margin_bottom=\u00bb5&#8243; font_family=\u00bbOpen+Sans\u00bb font_type=\u00bbgoogle\u00bb]Para nuevos clientes: Adjunte el certificado comercial.[\/mk_fancy_title][mk_padding_divider size=\u00bb10&#8243;][mk_button dimension=\u00bboutline\u00bb corner_style=\u00bbrounded\u00bb size=\u00bblarge\u00bb letter_spacing=\u00bb0&#8243; icon=\u00bbmk-moon-download\u00bb icon_anim=\u00bbside\u00bb url=\u00bbhttps:\/\/mount-everest-tea.com\/wp-content\/uploads\/2026\/03\/met-1kat26-o.p-3.pdf\u00bb target=\u00bb_blank\u00bb button_custom_width=\u00bb0&#8243; margin_top=\u00bb0&#8243; margin_bottom=\u00bb0&#8243; margin_right=\u00bb0&#8243; outline_skin=\u00bbcustom\u00bb outline_active_color=\u00bb#f0d10f\u00bb outline_active_text_color=\u00bb#333333&#8243; outline_hover_color=\u00bb#333333&#8243;]Cat\u00e1logo Descargar[\/mk_button][mk_padding_divider size=\u00bb10&#8243;][mk_fancy_title tag_name=\u00bbspan\u00bb size=\u00bb13&#8243; line_height=\u00bb170&#8243; font_weight=\u00bb300&#8243; margin_bottom=\u00bb0&#8243; font_family=\u00bbOpen+Sans\u00bb font_type=\u00bbgoogle\u00bb]Nuestros servicios y ofertas est\u00e1n <em>dirigidos exclusivamente<\/em> a emprendedores de acuerdo con el art\u00edculo 14 del C\u00f3digo Civil Alem\u00e1n (BGB). Los pedidos de los consumidores de conformidad con el art\u00edculo 13 del C\u00f3digo Civil Alem\u00e1n (BGB) no ser\u00e1n aceptados ni ejecutados.[\/mk_fancy_title][\/vc_column][\/mk_page_section][mk_page_section bg_color=\u00bb#ffffff\u00bb bg_stretch=\u00bbtrue\u00bb padding_top=\u00bb100&#8243; padding_bottom=\u00bb120&#8243; sidebar=\u00bbsidebar-1&#8243;][vc_column width=\u00bb1\/6&#8243;][\/vc_column][vc_column width=\u00bb2\/3&#8243;][mk_fancy_title strip_tags=\u00bbtrue\u00bb tag_name=\u00bbh3&#8243; color=\u00bb#0c3d13&#8243; size=\u00bb36&#8243; font_weight=\u00bb400&#8243; font_family=\u00bbPatua+One\u00bb font_type=\u00bbgoogle\u00bb]Empaquete t\u00e9 de forma sostenible[\/mk_fancy_title][mk_fancy_title tag_name=\u00bbspan\u00bb color=\u00bb#313131&#8243; size=\u00bb16&#8243; line_height=\u00bb170&#8243; font_weight=\u00bb300&#8243; margin_bottom=\u00bb5&#8243; font_family=\u00bbOpen+Sans\u00bb font_type=\u00bbgoogle\u00bb]Es dif\u00edcil reciclar y no compostar con envases de t\u00e9 convencionales hechos con una combinaci\u00f3n de papel y varias l\u00e1minas de pl\u00e1stico o aluminio. El pl\u00e1stico tiene un tiempo de miner\u00eda extremadamente largo de hasta varios cientos de a\u00f1os. Alrededor de cuatro millones de \u00e1rboles son talados cada a\u00f1o por suministros de papel alemanes. No quer\u00edamos soportar esta circunstancia. Es por eso que estamos particularmente orgullosos de haber tenido \u00e9xito con nuestros socios en el desarrollo de un nuevo concepto de embalaje absolutamente sostenible hecho de papel de hierba y pel\u00edcula NatureFlex.[\/mk_fancy_title][mk_fancy_title tag_name=\u00bbspan\u00bb color=\u00bb#313131&#8243; size=\u00bb16&#8243; line_height=\u00bb170&#8243; font_weight=\u00bb300&#8243; margin_bottom=\u00bb5&#8243; font_family=\u00bbOpen+Sans\u00bb font_type=\u00bbgoogle\u00bb]En nuestro papel de hierba, la hierba de r\u00e1pido crecimiento de la producci\u00f3n regional reemplaza m\u00e1s del 50% de la pulpa, que se utiliza en el papel convencional y generalmente se obtiene de la madera. Esto minimiza dr\u00e1sticamente las emisiones de CO2 y el consumo de agua durante el tratamiento de la materia prima. En lugar de 6000 litros de agua por tonelada de fibra, solo se necesitan 2 litros y las emisiones de CO2 son hasta un 75% m\u00e1s bajas que en la producci\u00f3n de papel tradicional. Los productos qu\u00edmicos se pueden prescindir completamente al procesar la hierba.[\/mk_fancy_title][mk_fancy_title tag_name=\u00bbspan\u00bb color=\u00bb#313131&#8243; size=\u00bb16&#8243; line_height=\u00bb170&#8243; font_weight=\u00bb300&#8243; margin_bottom=\u00bb5&#8243; font_family=\u00bbOpen+Sans\u00bb font_type=\u00bbgoogle\u00bb]NatureFlex es una nueva pel\u00edcula basada en materias primas renovables 100% comprensible y que tiene todas las propiedades de barrera necesarias para el tesoro del aroma.[\/mk_fancy_title][mk_fancy_title tag_name=\u00bbspan\u00bb color=\u00bb#313131&#8243; size=\u00bb16&#8243; line_height=\u00bb170&#8243; font_weight=\u00bb300&#8243; font_family=\u00bbOpen+Sans\u00bb font_type=\u00bbgoogle\u00bb]Juntos, el papel de hierba y Natureflex son un equipo inmejorable en la b\u00fasqueda del disfrute sostenible del t\u00e9.[\/mk_fancy_title][mk_image src=\u00bbhttps:\/\/mount-everest-tea.com\/wp-content\/uploads\/2020\/07\/nachhaltig-verpacken.jpg\u00bb image_size=\u00bblarge\u00bb align=\u00bbcenter\u00bb margin_bottom=\u00bb\u00bb][\/vc_column][vc_column width=\u00bb1\/6&#8243;][\/vc_column][\/mk_page_section][mk_page_section bg_color=\u00bb#f4f4f4&#8243; bg_stretch=\u00bbtrue\u00bb padding_top=\u00bb100&#8243; padding_bottom=\u00bb50&#8243; sidebar=\u00bbsidebar-1&#8243;][vc_column width=\u00bb1\/6&#8243;][\/vc_column][vc_column width=\u00bb2\/3&#8243;][mk_fancy_title strip_tags=\u00bbtrue\u00bb color=\u00bb#0c3d13&#8243; size=\u00bb36&#8243; font_weight=\u00bb400&#8243; font_family=\u00bbPatua+One\u00bb font_type=\u00bbgoogle\u00bb align=\u00bbcenter\u00bb]Por favor, p\u00f3ngase en contacto con nosotros![\/mk_fancy_title][mk_fancy_title tag_name=\u00bbspan\u00bb color=\u00bb#313131&#8243; size=\u00bb16&#8243; line_height=\u00bb170&#8243; font_weight=\u00bb300&#8243; font_family=\u00bbOpen+Sans\u00bb font_type=\u00bbgoogle\u00bb]\u00bfLe gustar\u00eda hacer un pedido? \u00bfTiene alguna pregunta sobre la gama o nuestros servicios como mayorista de t\u00e9 en general? \u00bfO quieres hacer una cita para ver?<\/p>\n<p>P\u00f3ngase en contacto con nosotros al +49 (0) 4121 7912-6, env\u00edenos un correo electr\u00f3nico o utilice el formulario de contacto. \u00a1Nos pondremos en su lugar lo antes posible![\/mk_fancy_title][vc_column_text css=\u00bb.vc_custom_1545320409752{margin-bottom: 0px !important;}\u00bb]\n<div class=\"wpcf7 no-js\" id=\"wpcf7-f2617-o1\" lang=\"es-ES\" dir=\"ltr\" data-wpcf7-id=\"2617\">\n<div class=\"screen-reader-response\"><p role=\"status\" aria-live=\"polite\" aria-atomic=\"true\"><\/p> <ul><\/ul><\/div>\n<form action=\"\/es\/wp-json\/wp\/v2\/pages\/2587#wpcf7-f2617-o1\" method=\"post\" class=\"wpcf7-form init\" aria-label=\"Formulario de contacto\" novalidate=\"novalidate\" data-status=\"init\">\n<fieldset class=\"hidden-fields-container\"><input type=\"hidden\" name=\"_wpcf7\" value=\"2617\" \/><input type=\"hidden\" name=\"_wpcf7_version\" value=\"6.1.5\" \/><input type=\"hidden\" name=\"_wpcf7_locale\" value=\"es_ES\" \/><input type=\"hidden\" name=\"_wpcf7_unit_tag\" value=\"wpcf7-f2617-o1\" \/><input type=\"hidden\" name=\"_wpcf7_container_post\" value=\"0\" \/><input type=\"hidden\" name=\"_wpcf7_posted_data_hash\" value=\"\" \/>\n<\/fieldset>\n<p><span class=\"wpcf7-form-control-wrap\" data-name=\"DropdownMenue\"><select class=\"wpcf7-form-control wpcf7-select\" aria-invalid=\"false\" name=\"DropdownMenue\"><option value=\"Por favor, seleccione\">Por favor, seleccione<\/option><option value=\"Organizar una visita\">Organizar una visita<\/option><option value=\"Solicitud de contacto\">Solicitud de contacto<\/option><option value=\"Solicitud general\">Solicitud general<\/option><\/select><\/span>\n<\/p>\n<p><label> Nombre (campo obligatorio)<br \/>\n<span class=\"wpcf7-form-control-wrap\" data-name=\"your-name\"><input size=\"40\" maxlength=\"400\" class=\"wpcf7-form-control wpcf7-text wpcf7-validates-as-required\" aria-required=\"true\" aria-invalid=\"false\" value=\"\" type=\"text\" name=\"your-name\" \/><\/span> <\/label>\n<\/p>\n<p><label> Nombre (campo obligatorio)<br \/>\n<span class=\"wpcf7-form-control-wrap\" data-name=\"your-name\"><input size=\"40\" maxlength=\"400\" class=\"wpcf7-form-control wpcf7-text wpcf7-validates-as-required\" aria-required=\"true\" aria-invalid=\"false\" value=\"\" type=\"text\" name=\"your-name\" \/><\/span> <\/label>\n<\/p>\n<p><label> Direcci\u00f3n de correo electr\u00f3nico (campo obligatorio)<br \/>\n<span class=\"wpcf7-form-control-wrap\" data-name=\"your-email\"><input size=\"40\" maxlength=\"400\" class=\"wpcf7-form-control wpcf7-email wpcf7-validates-as-required wpcf7-text wpcf7-validates-as-email\" aria-required=\"true\" aria-invalid=\"false\" value=\"\" type=\"email\" name=\"your-email\" \/><\/span> <\/label>\n<\/p>\n<p><label> Asunto<br \/>\n<span class=\"wpcf7-form-control-wrap\" data-name=\"your-subject\"><input size=\"40\" maxlength=\"400\" class=\"wpcf7-form-control wpcf7-text\" aria-invalid=\"false\" value=\"\" type=\"text\" name=\"your-subject\" \/><\/span> <\/label>\n<\/p>\n<p><label> Su mensaje<br \/>\n<span class=\"wpcf7-form-control-wrap\" data-name=\"your-message\"><textarea cols=\"40\" rows=\"10\" maxlength=\"2000\" class=\"wpcf7-form-control wpcf7-textarea\" aria-invalid=\"false\" name=\"your-message\"><\/textarea><\/span> <\/label>\n<\/p>\n<p><input class=\"wpcf7-form-control wpcf7-submit has-spinner\" type=\"submit\" value=\"Env\u00eda\" \/>\n<\/p>\n<p><span class=\"wpcf7-form-control-wrap\" data-name=\"zustimmung\"><span class=\"wpcf7-form-control wpcf7-acceptance\"><span class=\"wpcf7-list-item\"><label><input type=\"checkbox\" name=\"zustimmung\" value=\"1\" aria-invalid=\"false\" \/><span class=\"wpcf7-list-item-label\">He tomado nota la Pol\u00edtica de <a href=\"https:\/\/mount-everest-tea.com\/es\/datenschutzerklaerung\/\"><b>Privacidad.<\/b>\n<\/a><\/span><\/label><\/span><\/span><\/span>\n<\/p><div class=\"wpcf7-response-output\" aria-hidden=\"true\"><\/div>\n<\/form>\n<\/div>\n[\/vc_column_text][\/vc_column][vc_column width=\u00bb1\/6&#8243;][\/vc_column][\/mk_page_section][vc_row fullwidth=\u00bbtrue\u00bb][vc_column][\/vc_column][\/vc_row][vc_row][vc_column][mk_image][\/vc_column][\/vc_row][vc_row][vc_column][mk_image][\/vc_column][\/vc_row]\n<\/div>","protected":false},"excerpt":{"rendered":"<p>[mk_page_section bg_image=\u00bbhttps:\/\/mount-everest-tea.com\/wp-content\/uploads\/2020\/07\/news.jpg\u00bb bg_position=\u00bbcenter center\u00bb bg_stretch=\u00bbtrue\u00bb enable_3d=\u00bbtrue\u00bb bg_gradient=\u00bbvertical\u00bb video_color_mask=\u00bb#000000&#8243; gr_end=\u00bbrgba(0,0,0,0)\u00bb video_opacity=\u00bb0.4&#8243; full_width=\u00bbtrue\u00bb full_height=\u00bbtrue\u00bb skip_arrow=\u00bbtrue\u00bb sidebar=\u00bbsidebar-1&#8243;][vc_column][mk_fancy_title strip_tags=\u00bbtrue\u00bb tag_name=\u00bbh1&#8243; color=\u00bb#ffffff\u00bb size=\u00bb70&#8243; line_height=\u00bb120&#8243; font_weight=\u00bb400&#8243; letter_spacing=\u00bb2&#8243; font_family=\u00bbPatua+One\u00bb font_type=\u00bbgoogle\u00bb align=\u00bbcenter\u00bb]Noticias[\/mk_fancy_title][mk_fancy_title strip_tags=\u00bbtrue\u00bb tag_name=\u00bbspan\u00bb color=\u00bb#ffffff\u00bb size=\u00bb36&#8243; line_height=\u00bb120&#8243; font_weight=\u00bb900&#8243; font_family=\u00bbRoboto\u00bb font_type=\u00bbgoogle\u00bb align=\u00bbcenter\u00bb]Las \u00faltimas noticias de nuestra empresa[\/mk_fancy_title][\/vc_column][\/mk_page_section][mk_page_section bg_color=\u00bb#ffffff\u00bb bg_stretch=\u00bbtrue\u00bb padding_top=\u00bb100&#8243; padding_bottom=\u00bb120&#8243; sidebar=\u00bbsidebar-1&#8243;][vc_column width=\u00bb1\/2&#8243;][mk_image src=\u00bbhttps:\/\/mount-everest-tea.com\/wp-content\/uploads\/2025\/11\/news-drinks.png\u00bb image_size=\u00bblarge\u00bb align=\u00bbcenter\u00bb margin_bottom=\u00bb-50&#8243;][\/vc_column][vc_column width=\u00bb1\/2&#8243;][mk_fancy_title strip_tags=\u00bbtrue\u00bb color=\u00bb#0c3d13&#8243; size=\u00bb36&#8243; font_weight=\u00bb400&#8243; font_family=\u00bbPatua+One\u00bb font_type=\u00bbgoogle\u00bb]\u00a1La [&hellip;]<\/p>\n","protected":false},"author":1,"featured_media":0,"parent":0,"menu_order":0,"comment_status":"closed","ping_status":"closed","template":"","meta":{"_acf_changed":false,"footnotes":""},"class_list":["post-2587","page","type-page","status-publish","hentry"],"acf":[],"yoast_head":"<!-- This site is optimized with the Yoast SEO plugin v27.5 - https:\/\/yoast.com\/product\/yoast-seo-wordpress\/ -->\n<title>Surtido de t\u00e9 con mezclas especiales . . . . . . . . . . . . . . . . T\u00e9 del Monte Everest<\/title>\n<meta name=\"description\" content=\"Nuestra gama de t\u00e9 ofrece t\u00e9s cl\u00e1sicos como t\u00e9 negro\u2714 t\u00e9 verde\u2714 t\u00e9 de frutas\u2714 t\u00e9 de hierbas\u2714 t\u00e9 org\u00e1nico\u2714 y mezclas especiales\u2714 \u00a1Obt\u00e9n consejos ahora!\" \/>\n<meta name=\"robots\" content=\"index, follow, max-snippet:-1, max-image-preview:large, max-video-preview:-1\" \/>\n<link rel=\"canonical\" href=\"https:\/\/mount-everest-tea.com\/es\/noticias\/\" \/>\n<meta property=\"og:locale\" content=\"es_ES\" \/>\n<meta property=\"og:type\" content=\"article\" \/>\n<meta property=\"og:title\" content=\"Surtido de t\u00e9 con mezclas especiales . . . . . . . . . . . . . . . . T\u00e9 del Monte Everest\" \/>\n<meta property=\"og:description\" content=\"Nuestra gama de t\u00e9 ofrece t\u00e9s cl\u00e1sicos como t\u00e9 negro\u2714 t\u00e9 verde\u2714 t\u00e9 de frutas\u2714 t\u00e9 de hierbas\u2714 t\u00e9 org\u00e1nico\u2714 y mezclas especiales\u2714 \u00a1Obt\u00e9n consejos ahora!\" \/>\n<meta property=\"og:url\" content=\"https:\/\/mount-everest-tea.com\/es\/noticias\/\" \/>\n<meta property=\"og:site_name\" content=\"Tee-Gro\u00dfhandel Mount Everest Tea\" \/>\n<meta property=\"article:modified_time\" content=\"2026-03-31T13:58:02+00:00\" \/>\n<meta name=\"twitter:card\" content=\"summary_large_image\" \/>\n<meta name=\"twitter:label1\" content=\"Tiempo de lectura\" \/>\n\t<meta name=\"twitter:data1\" content=\"4 minutos\" \/>\n<script type=\"application\/ld+json\" class=\"yoast-schema-graph\">{\"@context\":\"https:\\\/\\\/schema.org\",\"@graph\":[{\"@type\":\"WebPage\",\"@id\":\"https:\\\/\\\/mount-everest-tea.com\\\/es\\\/noticias\\\/\",\"url\":\"https:\\\/\\\/mount-everest-tea.com\\\/es\\\/noticias\\\/\",\"name\":\"Surtido de t\u00e9 con mezclas especiales . . . . . . . . . . . . . . . . T\u00e9 del Monte Everest\",\"isPartOf\":{\"@id\":\"https:\\\/\\\/mount-everest-tea.com\\\/es\\\/#website\"},\"datePublished\":\"2020-08-14T10:47:00+00:00\",\"dateModified\":\"2026-03-31T13:58:02+00:00\",\"description\":\"Nuestra gama de t\u00e9 ofrece t\u00e9s cl\u00e1sicos como t\u00e9 negro\u2714 t\u00e9 verde\u2714 t\u00e9 de frutas\u2714 t\u00e9 de hierbas\u2714 t\u00e9 org\u00e1nico\u2714 y mezclas especiales\u2714 \u00a1Obt\u00e9n consejos ahora!\",\"breadcrumb\":{\"@id\":\"https:\\\/\\\/mount-everest-tea.com\\\/es\\\/noticias\\\/#breadcrumb\"},\"inLanguage\":\"es\",\"potentialAction\":[{\"@type\":\"ReadAction\",\"target\":[\"https:\\\/\\\/mount-everest-tea.com\\\/es\\\/noticias\\\/\"]}]},{\"@type\":\"BreadcrumbList\",\"@id\":\"https:\\\/\\\/mount-everest-tea.com\\\/es\\\/noticias\\\/#breadcrumb\",\"itemListElement\":[{\"@type\":\"ListItem\",\"position\":1,\"name\":\"Startseite\",\"item\":\"https:\\\/\\\/mount-everest-tea.com\\\/es\\\/\"},{\"@type\":\"ListItem\",\"position\":2,\"name\":\"Noticias\"}]},{\"@type\":\"WebSite\",\"@id\":\"https:\\\/\\\/mount-everest-tea.com\\\/es\\\/#website\",\"url\":\"https:\\\/\\\/mount-everest-tea.com\\\/es\\\/\",\"name\":\"Tee-Gro\u00dfhandel Mount Everest Tea\",\"description\":\"Aus Elmshorn in die ganze Welt\",\"publisher\":{\"@id\":\"https:\\\/\\\/mount-everest-tea.com\\\/es\\\/#organization\"},\"potentialAction\":[{\"@type\":\"SearchAction\",\"target\":{\"@type\":\"EntryPoint\",\"urlTemplate\":\"https:\\\/\\\/mount-everest-tea.com\\\/es\\\/?s={search_term_string}\"},\"query-input\":{\"@type\":\"PropertyValueSpecification\",\"valueRequired\":true,\"valueName\":\"search_term_string\"}}],\"inLanguage\":\"es\"},{\"@type\":\"Organization\",\"@id\":\"https:\\\/\\\/mount-everest-tea.com\\\/es\\\/#organization\",\"name\":\"Mount Everest Tea Company\",\"url\":\"https:\\\/\\\/mount-everest-tea.com\\\/es\\\/\",\"logo\":{\"@type\":\"ImageObject\",\"inLanguage\":\"es\",\"@id\":\"https:\\\/\\\/mount-everest-tea.com\\\/es\\\/#\\\/schema\\\/logo\\\/image\\\/\",\"url\":\"https:\\\/\\\/mount-everest-tea.com\\\/wp-content\\\/uploads\\\/2019\\\/01\\\/logo-mount-everest-tea-company-gmbh.png\",\"contentUrl\":\"https:\\\/\\\/mount-everest-tea.com\\\/wp-content\\\/uploads\\\/2019\\\/01\\\/logo-mount-everest-tea-company-gmbh.png\",\"width\":354,\"height\":256,\"caption\":\"Mount Everest Tea Company\"},\"image\":{\"@id\":\"https:\\\/\\\/mount-everest-tea.com\\\/es\\\/#\\\/schema\\\/logo\\\/image\\\/\"}}]}<\/script>\n<!-- \/ Yoast SEO plugin. -->","yoast_head_json":{"title":"Surtido de t\u00e9 con mezclas especiales . . . . . . . . . . . . . . . . T\u00e9 del Monte Everest","description":"Nuestra gama de t\u00e9 ofrece t\u00e9s cl\u00e1sicos como t\u00e9 negro\u2714 t\u00e9 verde\u2714 t\u00e9 de frutas\u2714 t\u00e9 de hierbas\u2714 t\u00e9 org\u00e1nico\u2714 y mezclas especiales\u2714 \u00a1Obt\u00e9n consejos ahora!","robots":{"index":"index","follow":"follow","max-snippet":"max-snippet:-1","max-image-preview":"max-image-preview:large","max-video-preview":"max-video-preview:-1"},"canonical":"https:\/\/mount-everest-tea.com\/es\/noticias\/","og_locale":"es_ES","og_type":"article","og_title":"Surtido de t\u00e9 con mezclas especiales . . . . . . . . . . . . . . . . T\u00e9 del Monte Everest","og_description":"Nuestra gama de t\u00e9 ofrece t\u00e9s cl\u00e1sicos como t\u00e9 negro\u2714 t\u00e9 verde\u2714 t\u00e9 de frutas\u2714 t\u00e9 de hierbas\u2714 t\u00e9 org\u00e1nico\u2714 y mezclas especiales\u2714 \u00a1Obt\u00e9n consejos ahora!","og_url":"https:\/\/mount-everest-tea.com\/es\/noticias\/","og_site_name":"Tee-Gro\u00dfhandel Mount Everest Tea","article_modified_time":"2026-03-31T13:58:02+00:00","twitter_card":"summary_large_image","twitter_misc":{"Tiempo de lectura":"4 minutos"},"schema":{"@context":"https:\/\/schema.org","@graph":[{"@type":"WebPage","@id":"https:\/\/mount-everest-tea.com\/es\/noticias\/","url":"https:\/\/mount-everest-tea.com\/es\/noticias\/","name":"Surtido de t\u00e9 con mezclas especiales . . . . . . . . . . . . . . . . T\u00e9 del Monte Everest","isPartOf":{"@id":"https:\/\/mount-everest-tea.com\/es\/#website"},"datePublished":"2020-08-14T10:47:00+00:00","dateModified":"2026-03-31T13:58:02+00:00","description":"Nuestra gama de t\u00e9 ofrece t\u00e9s cl\u00e1sicos como t\u00e9 negro\u2714 t\u00e9 verde\u2714 t\u00e9 de frutas\u2714 t\u00e9 de hierbas\u2714 t\u00e9 org\u00e1nico\u2714 y mezclas especiales\u2714 \u00a1Obt\u00e9n consejos ahora!","breadcrumb":{"@id":"https:\/\/mount-everest-tea.com\/es\/noticias\/#breadcrumb"},"inLanguage":"es","potentialAction":[{"@type":"ReadAction","target":["https:\/\/mount-everest-tea.com\/es\/noticias\/"]}]},{"@type":"BreadcrumbList","@id":"https:\/\/mount-everest-tea.com\/es\/noticias\/#breadcrumb","itemListElement":[{"@type":"ListItem","position":1,"name":"Startseite","item":"https:\/\/mount-everest-tea.com\/es\/"},{"@type":"ListItem","position":2,"name":"Noticias"}]},{"@type":"WebSite","@id":"https:\/\/mount-everest-tea.com\/es\/#website","url":"https:\/\/mount-everest-tea.com\/es\/","name":"Tee-Gro\u00dfhandel Mount Everest Tea","description":"Aus Elmshorn in die ganze Welt","publisher":{"@id":"https:\/\/mount-everest-tea.com\/es\/#organization"},"potentialAction":[{"@type":"SearchAction","target":{"@type":"EntryPoint","urlTemplate":"https:\/\/mount-everest-tea.com\/es\/?s={search_term_string}"},"query-input":{"@type":"PropertyValueSpecification","valueRequired":true,"valueName":"search_term_string"}}],"inLanguage":"es"},{"@type":"Organization","@id":"https:\/\/mount-everest-tea.com\/es\/#organization","name":"Mount Everest Tea Company","url":"https:\/\/mount-everest-tea.com\/es\/","logo":{"@type":"ImageObject","inLanguage":"es","@id":"https:\/\/mount-everest-tea.com\/es\/#\/schema\/logo\/image\/","url":"https:\/\/mount-everest-tea.com\/wp-content\/uploads\/2019\/01\/logo-mount-everest-tea-company-gmbh.png","contentUrl":"https:\/\/mount-everest-tea.com\/wp-content\/uploads\/2019\/01\/logo-mount-everest-tea-company-gmbh.png","width":354,"height":256,"caption":"Mount Everest Tea Company"},"image":{"@id":"https:\/\/mount-everest-tea.com\/es\/#\/schema\/logo\/image\/"}}]}},"_links":{"self":[{"href":"https:\/\/mount-everest-tea.com\/es\/wp-json\/wp\/v2\/pages\/2587","targetHints":{"allow":["GET"]}}],"collection":[{"href":"https:\/\/mount-everest-tea.com\/es\/wp-json\/wp\/v2\/pages"}],"about":[{"href":"https:\/\/mount-everest-tea.com\/es\/wp-json\/wp\/v2\/types\/page"}],"author":[{"embeddable":true,"href":"https:\/\/mount-everest-tea.com\/es\/wp-json\/wp\/v2\/users\/1"}],"replies":[{"embeddable":true,"href":"https:\/\/mount-everest-tea.com\/es\/wp-json\/wp\/v2\/comments?post=2587"}],"version-history":[{"count":56,"href":"https:\/\/mount-everest-tea.com\/es\/wp-json\/wp\/v2\/pages\/2587\/revisions"}],"predecessor-version":[{"id":5376,"href":"https:\/\/mount-everest-tea.com\/es\/wp-json\/wp\/v2\/pages\/2587\/revisions\/5376"}],"wp:attachment":[{"href":"https:\/\/mount-everest-tea.com\/es\/wp-json\/wp\/v2\/media?parent=2587"}],"curies":[{"name":"wp","href":"https:\/\/api.w.org\/{rel}","templated":true}]}}