{"id":2597,"date":"2020-08-14T12:47:13","date_gmt":"2020-08-14T10:47:13","guid":{"rendered":"https:\/\/mount-everest-tea.com\/impresion\/"},"modified":"2024-06-04T12:48:30","modified_gmt":"2024-06-04T10:48:30","slug":"impresion","status":"publish","type":"page","link":"https:\/\/mount-everest-tea.com\/es\/impresion\/","title":{"rendered":"Impresi\u00f3n"},"content":{"rendered":"<p>Si tiene alguna pregunta o sugerencia, por favor env\u00edenos un correo electr\u00f3nico.<\/p>\n<p>Nuestra direcci\u00f3n:<\/p>\n<p><strong>Kirchner-Fischer &amp; Co. GmbH<\/strong><br \/>\nDaimlerstr. 13<br \/>\nD-25337 Elmshorn<br \/>\nTel\u00e9fono. (00 49) 4121 &#8211; 79 12 6<br \/>\nFax. (00 49) 41 21 &#8211; 43 88 79<\/p>\n<p>Directores generales: Jens von Riegen, Stefan Gieschke, Maximilian Frick<\/p>\n<h5>Legal:<\/h5>\n<p>Mount Everest Tea Company GmbH est\u00e1 constantemente actualizando y revisando sus sitios web. Los datos pueden haber cambiado a pesar de todos los cuidados debidos. Por lo tanto, no se puede dar ninguna garant\u00eda o responsabilidad por la exactitud, integridad y actualizada de la informaci\u00f3n.<\/p>\n<p>Mount Everest Tea Company GmbH se reserva el derecho de realizar adiciones o cambios en cualquier momento. La estructura y el contenido de los sitios web del T\u00e9 del Monte Everest est\u00e1n protegidos por derechos de autor.<\/p>\n<p>El uso y reproducci\u00f3n de textos, partes de textos o im\u00e1genes requieren el consentimiento previo de Mount Everest Tea Company GmbH.<\/p>\n<h5>Renuncia:<\/h5>\n<p>A pesar de un cuidadoso control del contenido, no asumimos ninguna responsabilidad por el contenido de los enlaces externos. Los operadores de las p\u00e1ginas enlazadas son los \u00fanicos responsables de su contenido.<\/p>\n<h5>Cuenta bancaria:<\/h5>\n<p>Titular de la cuenta: Mount Everest Tea Company GmbH<br \/>\nInstituto bancario: Kieler Volksbank<br \/>\nBLZ: 210 900 07<br \/>\nKto: 90569903<br \/>\nIBAN No: DE 51 21 09 0007 0090 5699 03<br \/>\nC\u00f3digo Swift: GENODEF1KIL<br \/>\nN.o de identificaci\u00f3n del IVA: DE 1168199925<br \/>\nN\u00famero de impuesto: 131 660 1804<\/p>\n","protected":false},"excerpt":{"rendered":"<p>Si tiene alguna pregunta o sugerencia, por favor env\u00edenos un correo electr\u00f3nico. Nuestra direcci\u00f3n: Kirchner-Fischer &amp; Co. GmbH Daimlerstr. 13 D-25337 Elmshorn Tel\u00e9fono. (00 49) 4121 &#8211; 79 12 6 Fax. (00 49) 41 21 &#8211; 43 88 79 Directores generales: Jens von Riegen, Stefan Gieschke, Maximilian Frick Legal: Mount Everest Tea Company GmbH est\u00e1 [&hellip;]<\/p>\n","protected":false},"author":1,"featured_media":0,"parent":0,"menu_order":0,"comment_status":"closed","ping_status":"closed","template":"","meta":{"_acf_changed":false,"footnotes":""},"class_list":["post-2597","page","type-page","status-publish","hentry"],"acf":[],"yoast_head":"<!-- This site is optimized with the Yoast SEO plugin v27.5 - https:\/\/yoast.com\/product\/yoast-seo-wordpress\/ -->\n<title>Impresi\u00f3n de improntas ( Imprint) Mount Everest Tea Company Ltd.<\/title>\n<meta name=\"description\" content=\"Aqu\u00ed puede encontrar la impronta de Mount Everest Tea Company GmbH.\" \/>\n<meta name=\"robots\" content=\"noindex, follow\" \/>\n<meta property=\"og:locale\" content=\"es_ES\" \/>\n<meta property=\"og:type\" content=\"article\" \/>\n<meta property=\"og:title\" content=\"Impresi\u00f3n de improntas ( Imprint) Mount Everest Tea Company Ltd.\" \/>\n<meta property=\"og:description\" content=\"Aqu\u00ed puede encontrar la impronta de Mount Everest Tea Company GmbH.\" \/>\n<meta property=\"og:url\" content=\"https:\/\/mount-everest-tea.com\/es\/impresion\/\" \/>\n<meta property=\"og:site_name\" content=\"Tee-Gro\u00dfhandel Mount Everest Tea\" \/>\n<meta property=\"article:modified_time\" content=\"2024-06-04T10:48:30+00:00\" \/>\n<meta name=\"twitter:card\" content=\"summary_large_image\" \/>\n<meta name=\"twitter:label1\" content=\"Tiempo de lectura\" \/>\n\t<meta name=\"twitter:data1\" content=\"1 minuto\" \/>\n<script type=\"application\/ld+json\" class=\"yoast-schema-graph\">{\"@context\":\"https:\\\/\\\/schema.org\",\"@graph\":[{\"@type\":\"WebPage\",\"@id\":\"https:\\\/\\\/mount-everest-tea.com\\\/es\\\/impresion\\\/\",\"url\":\"https:\\\/\\\/mount-everest-tea.com\\\/es\\\/impresion\\\/\",\"name\":\"Impresi\u00f3n de improntas ( Imprint) Mount Everest Tea Company Ltd.\",\"isPartOf\":{\"@id\":\"https:\\\/\\\/mount-everest-tea.com\\\/es\\\/#website\"},\"datePublished\":\"2020-08-14T10:47:13+00:00\",\"dateModified\":\"2024-06-04T10:48:30+00:00\",\"description\":\"Aqu\u00ed puede encontrar la impronta de Mount Everest Tea Company GmbH.\",\"breadcrumb\":{\"@id\":\"https:\\\/\\\/mount-everest-tea.com\\\/es\\\/impresion\\\/#breadcrumb\"},\"inLanguage\":\"es\",\"potentialAction\":[{\"@type\":\"ReadAction\",\"target\":[\"https:\\\/\\\/mount-everest-tea.com\\\/es\\\/impresion\\\/\"]}]},{\"@type\":\"BreadcrumbList\",\"@id\":\"https:\\\/\\\/mount-everest-tea.com\\\/es\\\/impresion\\\/#breadcrumb\",\"itemListElement\":[{\"@type\":\"ListItem\",\"position\":1,\"name\":\"Startseite\",\"item\":\"https:\\\/\\\/mount-everest-tea.com\\\/es\\\/\"},{\"@type\":\"ListItem\",\"position\":2,\"name\":\"Impresi\u00f3n\"}]},{\"@type\":\"WebSite\",\"@id\":\"https:\\\/\\\/mount-everest-tea.com\\\/es\\\/#website\",\"url\":\"https:\\\/\\\/mount-everest-tea.com\\\/es\\\/\",\"name\":\"Tee-Gro\u00dfhandel Mount Everest Tea\",\"description\":\"Aus Elmshorn in die ganze Welt\",\"publisher\":{\"@id\":\"https:\\\/\\\/mount-everest-tea.com\\\/es\\\/#organization\"},\"potentialAction\":[{\"@type\":\"SearchAction\",\"target\":{\"@type\":\"EntryPoint\",\"urlTemplate\":\"https:\\\/\\\/mount-everest-tea.com\\\/es\\\/?s={search_term_string}\"},\"query-input\":{\"@type\":\"PropertyValueSpecification\",\"valueRequired\":true,\"valueName\":\"search_term_string\"}}],\"inLanguage\":\"es\"},{\"@type\":\"Organization\",\"@id\":\"https:\\\/\\\/mount-everest-tea.com\\\/es\\\/#organization\",\"name\":\"Mount Everest Tea Company\",\"url\":\"https:\\\/\\\/mount-everest-tea.com\\\/es\\\/\",\"logo\":{\"@type\":\"ImageObject\",\"inLanguage\":\"es\",\"@id\":\"https:\\\/\\\/mount-everest-tea.com\\\/es\\\/#\\\/schema\\\/logo\\\/image\\\/\",\"url\":\"https:\\\/\\\/mount-everest-tea.com\\\/wp-content\\\/uploads\\\/2019\\\/01\\\/logo-mount-everest-tea-company-gmbh.png\",\"contentUrl\":\"https:\\\/\\\/mount-everest-tea.com\\\/wp-content\\\/uploads\\\/2019\\\/01\\\/logo-mount-everest-tea-company-gmbh.png\",\"width\":354,\"height\":256,\"caption\":\"Mount Everest Tea Company\"},\"image\":{\"@id\":\"https:\\\/\\\/mount-everest-tea.com\\\/es\\\/#\\\/schema\\\/logo\\\/image\\\/\"}}]}<\/script>\n<!-- \/ Yoast SEO plugin. -->","yoast_head_json":{"title":"Impresi\u00f3n de improntas ( Imprint) Mount Everest Tea Company Ltd.","description":"Aqu\u00ed puede encontrar la impronta de Mount Everest Tea Company GmbH.","robots":{"index":"noindex","follow":"follow"},"og_locale":"es_ES","og_type":"article","og_title":"Impresi\u00f3n de improntas ( Imprint) Mount Everest Tea Company Ltd.","og_description":"Aqu\u00ed puede encontrar la impronta de Mount Everest Tea Company GmbH.","og_url":"https:\/\/mount-everest-tea.com\/es\/impresion\/","og_site_name":"Tee-Gro\u00dfhandel Mount Everest Tea","article_modified_time":"2024-06-04T10:48:30+00:00","twitter_card":"summary_large_image","twitter_misc":{"Tiempo de lectura":"1 minuto"},"schema":{"@context":"https:\/\/schema.org","@graph":[{"@type":"WebPage","@id":"https:\/\/mount-everest-tea.com\/es\/impresion\/","url":"https:\/\/mount-everest-tea.com\/es\/impresion\/","name":"Impresi\u00f3n de improntas ( Imprint) Mount Everest Tea Company Ltd.","isPartOf":{"@id":"https:\/\/mount-everest-tea.com\/es\/#website"},"datePublished":"2020-08-14T10:47:13+00:00","dateModified":"2024-06-04T10:48:30+00:00","description":"Aqu\u00ed puede encontrar la impronta de Mount Everest Tea Company GmbH.","breadcrumb":{"@id":"https:\/\/mount-everest-tea.com\/es\/impresion\/#breadcrumb"},"inLanguage":"es","potentialAction":[{"@type":"ReadAction","target":["https:\/\/mount-everest-tea.com\/es\/impresion\/"]}]},{"@type":"BreadcrumbList","@id":"https:\/\/mount-everest-tea.com\/es\/impresion\/#breadcrumb","itemListElement":[{"@type":"ListItem","position":1,"name":"Startseite","item":"https:\/\/mount-everest-tea.com\/es\/"},{"@type":"ListItem","position":2,"name":"Impresi\u00f3n"}]},{"@type":"WebSite","@id":"https:\/\/mount-everest-tea.com\/es\/#website","url":"https:\/\/mount-everest-tea.com\/es\/","name":"Tee-Gro\u00dfhandel Mount Everest Tea","description":"Aus Elmshorn in die ganze Welt","publisher":{"@id":"https:\/\/mount-everest-tea.com\/es\/#organization"},"potentialAction":[{"@type":"SearchAction","target":{"@type":"EntryPoint","urlTemplate":"https:\/\/mount-everest-tea.com\/es\/?s={search_term_string}"},"query-input":{"@type":"PropertyValueSpecification","valueRequired":true,"valueName":"search_term_string"}}],"inLanguage":"es"},{"@type":"Organization","@id":"https:\/\/mount-everest-tea.com\/es\/#organization","name":"Mount Everest Tea Company","url":"https:\/\/mount-everest-tea.com\/es\/","logo":{"@type":"ImageObject","inLanguage":"es","@id":"https:\/\/mount-everest-tea.com\/es\/#\/schema\/logo\/image\/","url":"https:\/\/mount-everest-tea.com\/wp-content\/uploads\/2019\/01\/logo-mount-everest-tea-company-gmbh.png","contentUrl":"https:\/\/mount-everest-tea.com\/wp-content\/uploads\/2019\/01\/logo-mount-everest-tea-company-gmbh.png","width":354,"height":256,"caption":"Mount Everest Tea Company"},"image":{"@id":"https:\/\/mount-everest-tea.com\/es\/#\/schema\/logo\/image\/"}}]}},"_links":{"self":[{"href":"https:\/\/mount-everest-tea.com\/es\/wp-json\/wp\/v2\/pages\/2597","targetHints":{"allow":["GET"]}}],"collection":[{"href":"https:\/\/mount-everest-tea.com\/es\/wp-json\/wp\/v2\/pages"}],"about":[{"href":"https:\/\/mount-everest-tea.com\/es\/wp-json\/wp\/v2\/types\/page"}],"author":[{"embeddable":true,"href":"https:\/\/mount-everest-tea.com\/es\/wp-json\/wp\/v2\/users\/1"}],"replies":[{"embeddable":true,"href":"https:\/\/mount-everest-tea.com\/es\/wp-json\/wp\/v2\/comments?post=2597"}],"version-history":[{"count":1,"href":"https:\/\/mount-everest-tea.com\/es\/wp-json\/wp\/v2\/pages\/2597\/revisions"}],"predecessor-version":[{"id":4261,"href":"https:\/\/mount-everest-tea.com\/es\/wp-json\/wp\/v2\/pages\/2597\/revisions\/4261"}],"wp:attachment":[{"href":"https:\/\/mount-everest-tea.com\/es\/wp-json\/wp\/v2\/media?parent=2597"}],"curies":[{"name":"wp","href":"https:\/\/api.w.org\/{rel}","templated":true}]}}