{"id":2481,"date":"2020-08-11T09:37:43","date_gmt":"2020-08-11T07:37:43","guid":{"rendered":"https:\/\/mount-everest-tea.com\/mentions-legales\/"},"modified":"2024-06-04T12:48:44","modified_gmt":"2024-06-04T10:48:44","slug":"mentions-legales","status":"publish","type":"page","link":"https:\/\/mount-everest-tea.com\/fr\/mentions-legales\/","title":{"rendered":"Mentions l\u00e9gales"},"content":{"rendered":"<p>En cas de questions ou de suggestions, il suffit de nous envoyer un e-mail.<\/p>\n<p>Notre adresse:<\/p>\n<p><strong>Kirchner-Fischer &amp; Co. GmbH<\/strong><br \/>\nDaimlerstr. 13<br \/>\nD-25337 Elmshorn<br \/>\nTel. (00 49) 4121 &#8211; 79 12 6<br \/>\nFax. (00 49) 41 21 &#8211; 43 88 79<\/p>\n<p>Directeur g\u00e9n\u00e9ral : Jens von Riegen, Stefan Gieschke, Maximilian Frick<\/p>\n<h5>Point de droit:<\/h5>\n<p>Mount Everest Tea Company GmbH met \u00e0 jour et v\u00e9rifie en permanence ses sites Web. Les donn\u00e9es peuvent avoir chang\u00e9 malgr\u00e9 toute la diligence. Aucune garantie ou responsabilit\u00e9 pour l\u2019exactitude, l\u2019exhaustivit\u00e9 et l\u2019actualit\u00e9 de l\u2019information ne peut donc \u00eatre assum\u00e9e.<\/p>\n<p>Mount Everest Tea Company GmbH se r\u00e9serve le droit d\u2019apporter des modifications ou des modifications \u00e0 tout moment. La structure et le contenu des sites de Mount Everest Tea sont prot\u00e9g\u00e9s par le droit d\u2019auteur.<\/p>\n<p>L\u2019utilisation et la reproduction de textes, de textes ou d\u2019images n\u00e9cessitent l\u2019accord pr\u00e9alable de Mount Everest Tea Company GmbH.<\/p>\n<h5>Mention de responsabilit\u00e9:<\/h5>\n<p>En d\u00e9pit d\u2019un contr\u00f4le minutieux du contenu, nous d\u00e9clinons toute responsabilit\u00e9 pour le contenu des liens externes. Le contenu des pages li\u00e9es n\u2019est responsable que de leurs op\u00e9rateurs.<\/p>\n<h5>Coordonn\u00e9es bancaires:<\/h5>\n<p>Titulaire du compte : Mount Everest Tea Company GmbH<br \/>\nInstitut bancaire: Kieler Volksbank<br \/>\nBLZ: 210 900 07<br \/>\nKto: 90569903<br \/>\nIBAN No: DE 51 21 09 0007 0090 5699 03<br \/>\nCode swift: GENODEF1KIL<br \/>\nNum\u00e9ro d\u2019identification : DE 116819925<br \/>\nNum\u00e9ro d\u2019identification fiscale: 131 660 1804<\/p>\n","protected":false},"excerpt":{"rendered":"<p>En cas de questions ou de suggestions, il suffit de nous envoyer un e-mail. Notre adresse: Kirchner-Fischer &amp; Co. GmbH Daimlerstr. 13 D-25337 Elmshorn Tel. (00 49) 4121 &#8211; 79 12 6 Fax. (00 49) 41 21 &#8211; 43 88 79 Directeur g\u00e9n\u00e9ral : Jens von Riegen, Stefan Gieschke, Maximilian Frick Point de droit: Mount [&hellip;]<\/p>\n","protected":false},"author":1,"featured_media":0,"parent":0,"menu_order":0,"comment_status":"closed","ping_status":"closed","template":"","meta":{"_acf_changed":false,"footnotes":""},"class_list":["post-2481","page","type-page","status-publish","hentry"],"acf":[],"yoast_head":"<!-- This site is optimized with the Yoast SEO plugin v27.5 - https:\/\/yoast.com\/product\/yoast-seo-wordpress\/ -->\n<title>Mentions l\u00e9gales | Mount Everest Tea Company GmbH<\/title>\n<meta name=\"description\" content=\"Vous trouverez ici les mentions l\u00e9gales de Mount Everest Tea Company GmbH.\" \/>\n<meta name=\"robots\" content=\"noindex, follow\" \/>\n<meta property=\"og:locale\" content=\"fr_FR\" \/>\n<meta property=\"og:type\" content=\"article\" \/>\n<meta property=\"og:title\" content=\"Mentions l\u00e9gales | Mount Everest Tea Company GmbH\" \/>\n<meta property=\"og:description\" content=\"Vous trouverez ici les mentions l\u00e9gales de Mount Everest Tea Company GmbH.\" \/>\n<meta property=\"og:url\" content=\"https:\/\/mount-everest-tea.com\/fr\/mentions-legales\/\" \/>\n<meta property=\"og:site_name\" content=\"Tee-Gro\u00dfhandel Mount Everest Tea\" \/>\n<meta property=\"article:modified_time\" content=\"2024-06-04T10:48:44+00:00\" \/>\n<meta name=\"twitter:card\" content=\"summary_large_image\" \/>\n<meta name=\"twitter:label1\" content=\"Dur\u00e9e de lecture estim\u00e9e\" \/>\n\t<meta name=\"twitter:data1\" content=\"1 minute\" \/>\n<script type=\"application\/ld+json\" class=\"yoast-schema-graph\">{\"@context\":\"https:\\\/\\\/schema.org\",\"@graph\":[{\"@type\":\"WebPage\",\"@id\":\"https:\\\/\\\/mount-everest-tea.com\\\/fr\\\/mentions-legales\\\/\",\"url\":\"https:\\\/\\\/mount-everest-tea.com\\\/fr\\\/mentions-legales\\\/\",\"name\":\"Mentions l\u00e9gales | Mount Everest Tea Company GmbH\",\"isPartOf\":{\"@id\":\"https:\\\/\\\/mount-everest-tea.com\\\/fr\\\/#website\"},\"datePublished\":\"2020-08-11T07:37:43+00:00\",\"dateModified\":\"2024-06-04T10:48:44+00:00\",\"description\":\"Vous trouverez ici les mentions l\u00e9gales de Mount Everest Tea Company GmbH.\",\"breadcrumb\":{\"@id\":\"https:\\\/\\\/mount-everest-tea.com\\\/fr\\\/mentions-legales\\\/#breadcrumb\"},\"inLanguage\":\"fr-FR\",\"potentialAction\":[{\"@type\":\"ReadAction\",\"target\":[\"https:\\\/\\\/mount-everest-tea.com\\\/fr\\\/mentions-legales\\\/\"]}]},{\"@type\":\"BreadcrumbList\",\"@id\":\"https:\\\/\\\/mount-everest-tea.com\\\/fr\\\/mentions-legales\\\/#breadcrumb\",\"itemListElement\":[{\"@type\":\"ListItem\",\"position\":1,\"name\":\"Startseite\",\"item\":\"https:\\\/\\\/mount-everest-tea.com\\\/fr\\\/\"},{\"@type\":\"ListItem\",\"position\":2,\"name\":\"Mentions l\u00e9gales\"}]},{\"@type\":\"WebSite\",\"@id\":\"https:\\\/\\\/mount-everest-tea.com\\\/fr\\\/#website\",\"url\":\"https:\\\/\\\/mount-everest-tea.com\\\/fr\\\/\",\"name\":\"Tee-Gro\u00dfhandel Mount Everest Tea\",\"description\":\"Aus Elmshorn in die ganze Welt\",\"publisher\":{\"@id\":\"https:\\\/\\\/mount-everest-tea.com\\\/fr\\\/#organization\"},\"potentialAction\":[{\"@type\":\"SearchAction\",\"target\":{\"@type\":\"EntryPoint\",\"urlTemplate\":\"https:\\\/\\\/mount-everest-tea.com\\\/fr\\\/?s={search_term_string}\"},\"query-input\":{\"@type\":\"PropertyValueSpecification\",\"valueRequired\":true,\"valueName\":\"search_term_string\"}}],\"inLanguage\":\"fr-FR\"},{\"@type\":\"Organization\",\"@id\":\"https:\\\/\\\/mount-everest-tea.com\\\/fr\\\/#organization\",\"name\":\"Mount Everest Tea Company\",\"url\":\"https:\\\/\\\/mount-everest-tea.com\\\/fr\\\/\",\"logo\":{\"@type\":\"ImageObject\",\"inLanguage\":\"fr-FR\",\"@id\":\"https:\\\/\\\/mount-everest-tea.com\\\/fr\\\/#\\\/schema\\\/logo\\\/image\\\/\",\"url\":\"https:\\\/\\\/mount-everest-tea.com\\\/wp-content\\\/uploads\\\/2019\\\/01\\\/logo-mount-everest-tea-company-gmbh.png\",\"contentUrl\":\"https:\\\/\\\/mount-everest-tea.com\\\/wp-content\\\/uploads\\\/2019\\\/01\\\/logo-mount-everest-tea-company-gmbh.png\",\"width\":354,\"height\":256,\"caption\":\"Mount Everest Tea Company\"},\"image\":{\"@id\":\"https:\\\/\\\/mount-everest-tea.com\\\/fr\\\/#\\\/schema\\\/logo\\\/image\\\/\"}}]}<\/script>\n<!-- \/ Yoast SEO plugin. -->","yoast_head_json":{"title":"Mentions l\u00e9gales | Mount Everest Tea Company GmbH","description":"Vous trouverez ici les mentions l\u00e9gales de Mount Everest Tea Company GmbH.","robots":{"index":"noindex","follow":"follow"},"og_locale":"fr_FR","og_type":"article","og_title":"Mentions l\u00e9gales | Mount Everest Tea Company GmbH","og_description":"Vous trouverez ici les mentions l\u00e9gales de Mount Everest Tea Company GmbH.","og_url":"https:\/\/mount-everest-tea.com\/fr\/mentions-legales\/","og_site_name":"Tee-Gro\u00dfhandel Mount Everest Tea","article_modified_time":"2024-06-04T10:48:44+00:00","twitter_card":"summary_large_image","twitter_misc":{"Dur\u00e9e de lecture estim\u00e9e":"1 minute"},"schema":{"@context":"https:\/\/schema.org","@graph":[{"@type":"WebPage","@id":"https:\/\/mount-everest-tea.com\/fr\/mentions-legales\/","url":"https:\/\/mount-everest-tea.com\/fr\/mentions-legales\/","name":"Mentions l\u00e9gales | Mount Everest Tea Company GmbH","isPartOf":{"@id":"https:\/\/mount-everest-tea.com\/fr\/#website"},"datePublished":"2020-08-11T07:37:43+00:00","dateModified":"2024-06-04T10:48:44+00:00","description":"Vous trouverez ici les mentions l\u00e9gales de Mount Everest Tea Company GmbH.","breadcrumb":{"@id":"https:\/\/mount-everest-tea.com\/fr\/mentions-legales\/#breadcrumb"},"inLanguage":"fr-FR","potentialAction":[{"@type":"ReadAction","target":["https:\/\/mount-everest-tea.com\/fr\/mentions-legales\/"]}]},{"@type":"BreadcrumbList","@id":"https:\/\/mount-everest-tea.com\/fr\/mentions-legales\/#breadcrumb","itemListElement":[{"@type":"ListItem","position":1,"name":"Startseite","item":"https:\/\/mount-everest-tea.com\/fr\/"},{"@type":"ListItem","position":2,"name":"Mentions l\u00e9gales"}]},{"@type":"WebSite","@id":"https:\/\/mount-everest-tea.com\/fr\/#website","url":"https:\/\/mount-everest-tea.com\/fr\/","name":"Tee-Gro\u00dfhandel Mount Everest Tea","description":"Aus Elmshorn in die ganze Welt","publisher":{"@id":"https:\/\/mount-everest-tea.com\/fr\/#organization"},"potentialAction":[{"@type":"SearchAction","target":{"@type":"EntryPoint","urlTemplate":"https:\/\/mount-everest-tea.com\/fr\/?s={search_term_string}"},"query-input":{"@type":"PropertyValueSpecification","valueRequired":true,"valueName":"search_term_string"}}],"inLanguage":"fr-FR"},{"@type":"Organization","@id":"https:\/\/mount-everest-tea.com\/fr\/#organization","name":"Mount Everest Tea Company","url":"https:\/\/mount-everest-tea.com\/fr\/","logo":{"@type":"ImageObject","inLanguage":"fr-FR","@id":"https:\/\/mount-everest-tea.com\/fr\/#\/schema\/logo\/image\/","url":"https:\/\/mount-everest-tea.com\/wp-content\/uploads\/2019\/01\/logo-mount-everest-tea-company-gmbh.png","contentUrl":"https:\/\/mount-everest-tea.com\/wp-content\/uploads\/2019\/01\/logo-mount-everest-tea-company-gmbh.png","width":354,"height":256,"caption":"Mount Everest Tea Company"},"image":{"@id":"https:\/\/mount-everest-tea.com\/fr\/#\/schema\/logo\/image\/"}}]}},"_links":{"self":[{"href":"https:\/\/mount-everest-tea.com\/fr\/wp-json\/wp\/v2\/pages\/2481","targetHints":{"allow":["GET"]}}],"collection":[{"href":"https:\/\/mount-everest-tea.com\/fr\/wp-json\/wp\/v2\/pages"}],"about":[{"href":"https:\/\/mount-everest-tea.com\/fr\/wp-json\/wp\/v2\/types\/page"}],"author":[{"embeddable":true,"href":"https:\/\/mount-everest-tea.com\/fr\/wp-json\/wp\/v2\/users\/1"}],"replies":[{"embeddable":true,"href":"https:\/\/mount-everest-tea.com\/fr\/wp-json\/wp\/v2\/comments?post=2481"}],"version-history":[{"count":1,"href":"https:\/\/mount-everest-tea.com\/fr\/wp-json\/wp\/v2\/pages\/2481\/revisions"}],"predecessor-version":[{"id":4262,"href":"https:\/\/mount-everest-tea.com\/fr\/wp-json\/wp\/v2\/pages\/2481\/revisions\/4262"}],"wp:attachment":[{"href":"https:\/\/mount-everest-tea.com\/fr\/wp-json\/wp\/v2\/media?parent=2481"}],"curies":[{"name":"wp","href":"https:\/\/api.w.org\/{rel}","templated":true}]}}